{"id":4319,"date":"2025-09-04T21:14:52","date_gmt":"2025-09-04T20:14:52","guid":{"rendered":"https:\/\/dev.olje-morgan.si\/izdelek\/retro\/"},"modified":"2025-11-12T20:03:39","modified_gmt":"2025-11-12T19:03:39","slug":"retro","status":"publish","type":"product","link":"https:\/\/olje-morgan.si\/it\/prodotto\/retro\/","title":{"rendered":"Retro"},"content":{"rendered":"<p><img decoding=\"async\" class=\"alignnone wp-image-1219\" src=\"https:\/\/olje-morgan.si\/wp-content\/uploads\/2025\/09\/priporocilo.png\" alt=\"\" width=\"50\" height=\"50\" srcset=\"https:\/\/olje-morgan.si\/wp-content\/uploads\/2025\/09\/priporocilo.png 250w, https:\/\/olje-morgan.si\/wp-content\/uploads\/2025\/09\/priporocilo-150x150.png 150w, https:\/\/olje-morgan.si\/wp-content\/uploads\/2025\/09\/priporocilo-100x100.png 100w\" sizes=\"(max-width: 50px) 100vw, 50px\" \/> <strong data-start=\"2170\" data-end=\"2189\">Consigliato <\/strong>con antipasti freddi, crostacei e specialit\u00e0 di pesce, formaggi e salumi, insalate eleganti e dessert.<\/p>\n","protected":false},"excerpt":{"rendered":"<p><span style=\"color: #993300;\"><strong>L&#8217;olio extra vergine d\u2019oliva Retro<\/strong><\/span><\/p>\n<p>L\u2019olio d\u2019oliva Retro rievoca lo spirito del passato \u2013 l\u2019eleganza e l\u2019autenticit\u00e0 degli anni \u201980, quando la vita era pi\u00f9 semplice e i sapori pi\u00f9 genuini. La sua bottiglia opaca con etichetta vintage racconta una storia di tradizione, stile e qualit\u00e0 senza tempo. Il dono aziendale perfetto per chi ama il fascino classico e i valori autentici.<\/p>\n<p><img decoding=\"async\" class=\"alignnone wp-image-1222\" src=\"https:\/\/olje-morgan.si\/wp-content\/uploads\/2025\/09\/okus.png\" alt=\"\" width=\"50\" height=\"49\" srcset=\"https:\/\/olje-morgan.si\/wp-content\/uploads\/2025\/09\/okus.png 251w, https:\/\/olje-morgan.si\/wp-content\/uploads\/2025\/09\/okus-150x150.png 150w, https:\/\/olje-morgan.si\/wp-content\/uploads\/2025\/09\/okus-100x100.png 100w\" sizes=\"(max-width: 50px) 100vw, 50px\" \/> <strong>Gusto:<\/strong> fresco e fruttato, con amarezza e piccantezza equilibrate; intensit\u00e0 media.<\/p>\n<p><img decoding=\"async\" class=\"alignnone wp-image-1221\" src=\"https:\/\/olje-morgan.si\/wp-content\/uploads\/2025\/09\/vonj.png\" alt=\"\" width=\"50\" height=\"50\" srcset=\"https:\/\/olje-morgan.si\/wp-content\/uploads\/2025\/09\/vonj.png 252w, https:\/\/olje-morgan.si\/wp-content\/uploads\/2025\/09\/vonj-150x150.png 150w, https:\/\/olje-morgan.si\/wp-content\/uploads\/2025\/09\/vonj-100x100.png 100w\" sizes=\"(max-width: 50px) 100vw, 50px\" \/> <strong>Profumo:<\/strong> ricorda l\u2019erba appena tagliata, con delicate note fruttate.<\/p>\n<p><img loading=\"lazy\" decoding=\"async\" class=\"alignnone wp-image-1220\" src=\"https:\/\/olje-morgan.si\/wp-content\/uploads\/2025\/09\/pikantnost.png\" alt=\"\" width=\"50\" height=\"49\" srcset=\"https:\/\/olje-morgan.si\/wp-content\/uploads\/2025\/09\/pikantnost.png 251w, https:\/\/olje-morgan.si\/wp-content\/uploads\/2025\/09\/pikantnost-150x150.png 150w, https:\/\/olje-morgan.si\/wp-content\/uploads\/2025\/09\/pikantnost-100x100.png 100w\" sizes=\"(max-width: 50px) 100vw, 50px\" \/> <strong>Piccantezza:<\/strong> moderata, armoniosamente distribuita.<\/p>\n","protected":false},"featured_media":4320,"comment_status":"open","ping_status":"closed","template":"","meta":[],"product_brand":[],"product_cat":[93],"product_tag":[],"class_list":{"0":"post-4319","1":"product","2":"type-product","3":"status-publish","4":"has-post-thumbnail","6":"product_cat-regali","8":"first","9":"instock","10":"shipping-taxable","11":"purchasable","12":"product-type-variable"},"_links":{"self":[{"href":"https:\/\/olje-morgan.si\/it\/wp-json\/wp\/v2\/product\/4319","targetHints":{"allow":["GET"]}}],"collection":[{"href":"https:\/\/olje-morgan.si\/it\/wp-json\/wp\/v2\/product"}],"about":[{"href":"https:\/\/olje-morgan.si\/it\/wp-json\/wp\/v2\/types\/product"}],"replies":[{"embeddable":true,"href":"https:\/\/olje-morgan.si\/it\/wp-json\/wp\/v2\/comments?post=4319"}],"wp:featuredmedia":[{"embeddable":true,"href":"https:\/\/olje-morgan.si\/it\/wp-json\/wp\/v2\/media\/4320"}],"wp:attachment":[{"href":"https:\/\/olje-morgan.si\/it\/wp-json\/wp\/v2\/media?parent=4319"}],"wp:term":[{"taxonomy":"product_brand","embeddable":true,"href":"https:\/\/olje-morgan.si\/it\/wp-json\/wp\/v2\/product_brand?post=4319"},{"taxonomy":"product_cat","embeddable":true,"href":"https:\/\/olje-morgan.si\/it\/wp-json\/wp\/v2\/product_cat?post=4319"},{"taxonomy":"product_tag","embeddable":true,"href":"https:\/\/olje-morgan.si\/it\/wp-json\/wp\/v2\/product_tag?post=4319"}],"curies":[{"name":"wp","href":"https:\/\/api.w.org\/{rel}","templated":true}]}}