{"id":4358,"date":"2025-09-04T21:14:42","date_gmt":"2025-09-04T20:14:42","guid":{"rendered":"https:\/\/dev.olje-morgan.si\/izdelek\/magnum\/"},"modified":"2025-11-12T20:04:40","modified_gmt":"2025-11-12T19:04:40","slug":"magnum","status":"publish","type":"product","link":"https:\/\/olje-morgan.si\/it\/prodotto\/magnum\/","title":{"rendered":"Magnum"},"content":{"rendered":"<p><img decoding=\"async\" class=\"alignnone wp-image-1219\" src=\"https:\/\/olje-morgan.si\/wp-content\/uploads\/2025\/09\/priporocilo.png\" alt=\"\" width=\"50\" height=\"50\" srcset=\"https:\/\/olje-morgan.si\/wp-content\/uploads\/2025\/09\/priporocilo.png 250w, https:\/\/olje-morgan.si\/wp-content\/uploads\/2025\/09\/priporocilo-150x150.png 150w, https:\/\/olje-morgan.si\/wp-content\/uploads\/2025\/09\/priporocilo-100x100.png 100w\" sizes=\"(max-width: 50px) 100vw, 50px\" \/> <strong data-start=\"2170\" data-end=\"2189\">Consigliato <\/strong>con antipasti freddi, crostacei e specialit\u00e0 di pesce, formaggi e salumi, insalate eleganti e dessert.<\/p>\n","protected":false},"excerpt":{"rendered":"<p><span style=\"color: #339966;\"><strong>L&#8217;olio extra vergine di oliva Magnum<\/strong><\/span><\/p>\n<p>L\u2019olio d\u2019oliva Magnum \u00e8 creato per i momenti in cui si desidera offrire qualcosa di veramente speciale. Perch\u00e9 riservare le grandi bottiglie solo al vino, quando si pu\u00f2 stupire anche con un olio d\u2019oliva di altissima qualit\u00e0? Il suo sapore intenso e la presentazione elegante uniscono tradizione e raffinatezza in un\u2019armonia perfetta. Magnum \u00e8 la scelta ideale per anniversari, celebrazioni e tappe importanti della vita \u2013 quando si vuole dire qualcosa di pi\u00f9.<\/p>\n<p><img decoding=\"async\" class=\"alignnone wp-image-1222\" src=\"https:\/\/olje-morgan.si\/wp-content\/uploads\/2025\/09\/okus.png\" alt=\"\" width=\"50\" height=\"49\" srcset=\"https:\/\/olje-morgan.si\/wp-content\/uploads\/2025\/09\/okus.png 251w, https:\/\/olje-morgan.si\/wp-content\/uploads\/2025\/09\/okus-150x150.png 150w, https:\/\/olje-morgan.si\/wp-content\/uploads\/2025\/09\/okus-100x100.png 100w\" sizes=\"(max-width: 50px) 100vw, 50px\" \/> <strong>Gusto:<\/strong> fresco e fruttato, con amarezza e piccantezza equilibrate; intensit\u00e0 media.<\/p>\n<p><img decoding=\"async\" class=\"alignnone wp-image-1221\" src=\"https:\/\/olje-morgan.si\/wp-content\/uploads\/2025\/09\/vonj.png\" alt=\"\" width=\"50\" height=\"50\" srcset=\"https:\/\/olje-morgan.si\/wp-content\/uploads\/2025\/09\/vonj.png 252w, https:\/\/olje-morgan.si\/wp-content\/uploads\/2025\/09\/vonj-150x150.png 150w, https:\/\/olje-morgan.si\/wp-content\/uploads\/2025\/09\/vonj-100x100.png 100w\" sizes=\"(max-width: 50px) 100vw, 50px\" \/> <strong>Profumo:<\/strong> ricorda l\u2019erba appena tagliata, con delicate note fruttate.<\/p>\n<p><img loading=\"lazy\" decoding=\"async\" class=\"alignnone wp-image-1220\" src=\"https:\/\/olje-morgan.si\/wp-content\/uploads\/2025\/09\/pikantnost.png\" alt=\"\" width=\"50\" height=\"49\" srcset=\"https:\/\/olje-morgan.si\/wp-content\/uploads\/2025\/09\/pikantnost.png 251w, https:\/\/olje-morgan.si\/wp-content\/uploads\/2025\/09\/pikantnost-150x150.png 150w, https:\/\/olje-morgan.si\/wp-content\/uploads\/2025\/09\/pikantnost-100x100.png 100w\" sizes=\"(max-width: 50px) 100vw, 50px\" \/> <strong>Piccantezza:<\/strong> moderata, armoniosamente distribuita.<\/p>\n<p><em><strong>*Bottiglia: <\/strong>1,5 L<\/em><\/p>\n","protected":false},"featured_media":4359,"comment_status":"open","ping_status":"closed","template":"","meta":[],"product_brand":[],"product_cat":[93],"product_tag":[],"class_list":{"0":"post-4358","1":"product","2":"type-product","3":"status-publish","4":"has-post-thumbnail","6":"product_cat-regali","8":"first","9":"instock","10":"shipping-taxable","11":"purchasable","12":"product-type-simple"},"_links":{"self":[{"href":"https:\/\/olje-morgan.si\/it\/wp-json\/wp\/v2\/product\/4358","targetHints":{"allow":["GET"]}}],"collection":[{"href":"https:\/\/olje-morgan.si\/it\/wp-json\/wp\/v2\/product"}],"about":[{"href":"https:\/\/olje-morgan.si\/it\/wp-json\/wp\/v2\/types\/product"}],"replies":[{"embeddable":true,"href":"https:\/\/olje-morgan.si\/it\/wp-json\/wp\/v2\/comments?post=4358"}],"wp:featuredmedia":[{"embeddable":true,"href":"https:\/\/olje-morgan.si\/it\/wp-json\/wp\/v2\/media\/4359"}],"wp:attachment":[{"href":"https:\/\/olje-morgan.si\/it\/wp-json\/wp\/v2\/media?parent=4358"}],"wp:term":[{"taxonomy":"product_brand","embeddable":true,"href":"https:\/\/olje-morgan.si\/it\/wp-json\/wp\/v2\/product_brand?post=4358"},{"taxonomy":"product_cat","embeddable":true,"href":"https:\/\/olje-morgan.si\/it\/wp-json\/wp\/v2\/product_cat?post=4358"},{"taxonomy":"product_tag","embeddable":true,"href":"https:\/\/olje-morgan.si\/it\/wp-json\/wp\/v2\/product_tag?post=4358"}],"curies":[{"name":"wp","href":"https:\/\/api.w.org\/{rel}","templated":true}]}}