{"id":4639,"date":"2025-09-04T21:15:12","date_gmt":"2025-09-04T20:15:12","guid":{"rendered":"https:\/\/dev.olje-morgan.si\/izdelek\/hidrolat-sivke-razprsilka\/"},"modified":"2025-11-18T10:22:58","modified_gmt":"2025-11-18T09:22:58","slug":"acqua-floreale-spray","status":"publish","type":"product","link":"https:\/\/olje-morgan.si\/it\/prodotto\/acqua-floreale-spray\/","title":{"rendered":"Acqua floreale spray"},"content":{"rendered":"","protected":false},"excerpt":{"rendered":"<p><span style=\"color: #cc99ff;\"><strong>Acqua floreale spray<\/strong><\/span><\/p>\n<p data-start=\"1262\" data-end=\"1381\"><strong data-start=\"1262\" data-end=\"1270\">Uso:\u00a0<\/strong>L\u2019idrolato naturale in spray \u00e8 una delicata acqua floreale ottenuta tramite distillazione a vapore delle piante. Agisce come un tonico rinfrescante che lenisce, idrata e rigenera la pelle. Grazie alla sua formula leggera, \u00e8 adatto alla cura quotidiana di tutti i tipi di pelle, anche la pi\u00f9 sensibile. Pu\u00f2 essere utilizzato anche per rinfrescare l\u2019ambiente.<\/p>\n<p data-start=\"1460\" data-end=\"1615\"><strong data-start=\"1460\" data-end=\"1475\">Avvertenze: <\/strong>Solo per uso esterno. Evitare il contatto con gli occhi. Non utilizzare su bambini o persone sensibili a uno qualsiasi degli ingredienti.<\/p>\n<p data-start=\"1617\" data-end=\"1691\"><strong data-start=\"1617\" data-end=\"1635\">Conservazione: <\/strong>Conservare in un luogo fresco e al riparo dalla luce.<\/p>\n<p data-start=\"1693\" data-end=\"1714\"><em><strong data-start=\"1693\" data-end=\"1707\">*Contenuto:<\/strong> 150 ml<\/em><\/p>\n","protected":false},"featured_media":5434,"comment_status":"open","ping_status":"closed","template":"","meta":[],"product_brand":[],"product_cat":[134],"product_tag":[],"class_list":{"0":"post-4639","1":"product","2":"type-product","3":"status-publish","4":"has-post-thumbnail","6":"product_cat-cosmetici","8":"first","9":"instock","10":"shipping-taxable","11":"purchasable","12":"product-type-variable"},"_links":{"self":[{"href":"https:\/\/olje-morgan.si\/it\/wp-json\/wp\/v2\/product\/4639","targetHints":{"allow":["GET"]}}],"collection":[{"href":"https:\/\/olje-morgan.si\/it\/wp-json\/wp\/v2\/product"}],"about":[{"href":"https:\/\/olje-morgan.si\/it\/wp-json\/wp\/v2\/types\/product"}],"replies":[{"embeddable":true,"href":"https:\/\/olje-morgan.si\/it\/wp-json\/wp\/v2\/comments?post=4639"}],"wp:featuredmedia":[{"embeddable":true,"href":"https:\/\/olje-morgan.si\/it\/wp-json\/wp\/v2\/media\/5434"}],"wp:attachment":[{"href":"https:\/\/olje-morgan.si\/it\/wp-json\/wp\/v2\/media?parent=4639"}],"wp:term":[{"taxonomy":"product_brand","embeddable":true,"href":"https:\/\/olje-morgan.si\/it\/wp-json\/wp\/v2\/product_brand?post=4639"},{"taxonomy":"product_cat","embeddable":true,"href":"https:\/\/olje-morgan.si\/it\/wp-json\/wp\/v2\/product_cat?post=4639"},{"taxonomy":"product_tag","embeddable":true,"href":"https:\/\/olje-morgan.si\/it\/wp-json\/wp\/v2\/product_tag?post=4639"}],"curies":[{"name":"wp","href":"https:\/\/api.w.org\/{rel}","templated":true}]}}